{"id":1824,"date":"2023-03-30T16:14:08","date_gmt":"2023-03-30T14:14:08","guid":{"rendered":"https:\/\/www.eurobullyshowdown.com\/?page_id=1824"},"modified":"2023-03-30T16:20:30","modified_gmt":"2023-03-30T14:20:30","slug":"registration","status":"publish","type":"page","link":"https:\/\/www.eurobullyshowdown.com\/en\/registration\/","title":{"rendered":"Registration"},"content":{"rendered":"\t\t<div data-elementor-type=\"wp-page\" data-elementor-id=\"1824\" class=\"elementor elementor-1824 elementor-1811\" data-elementor-post-type=\"page\">\n\t\t\t\t\t\t<section class=\"elementor-section elementor-top-section elementor-element elementor-element-0898da8 elementor-section-boxed elementor-section-height-default elementor-section-height-default\" data-id=\"0898da8\" data-element_type=\"section\" id=\"sekcia-registracia\">\n\t\t\t\t\t\t<div class=\"elementor-container elementor-column-gap-default\">\n\t\t\t\t\t<div class=\"elementor-column elementor-col-100 elementor-top-column elementor-element elementor-element-c1fd029\" data-id=\"c1fd029\" data-element_type=\"column\">\n\t\t\t<div class=\"elementor-widget-wrap elementor-element-populated\">\n\t\t\t\t\t\t<div class=\"elementor-element elementor-element-fa90da6 elementor-widget elementor-widget-shortcode\" data-id=\"fa90da6\" data-element_type=\"widget\" data-widget_type=\"shortcode.default\">\n\t\t\t\t<div class=\"elementor-widget-container\">\n\t\t\t\t\t\t\t<div class=\"elementor-shortcode\">\n<div class=\"wpcf7 no-js\" id=\"wpcf7-f1809-o1\" lang=\"sk-SK\" dir=\"ltr\" data-wpcf7-id=\"1809\">\n<div class=\"screen-reader-response\"><p role=\"status\" aria-live=\"polite\" aria-atomic=\"true\"><\/p> <ul><\/ul><\/div>\n<form action=\"\/en\/wp-json\/wp\/v2\/pages\/1824#wpcf7-f1809-o1\" method=\"post\" class=\"wpcf7-form init wpcf7-acceptance-as-validation\" aria-label=\"Kontaktn\u00fd formul\u00e1r\" novalidate=\"novalidate\" data-status=\"init\">\n<fieldset class=\"hidden-fields-container\"><input type=\"hidden\" name=\"_wpcf7\" value=\"1809\" \/><input type=\"hidden\" name=\"_wpcf7_version\" value=\"6.1.1\" \/><input type=\"hidden\" name=\"_wpcf7_locale\" value=\"sk_SK\" \/><input type=\"hidden\" name=\"_wpcf7_unit_tag\" value=\"wpcf7-f1809-o1\" \/><input type=\"hidden\" name=\"_wpcf7_container_post\" value=\"0\" \/><input type=\"hidden\" name=\"_wpcf7_posted_data_hash\" value=\"\" \/>\n<\/fieldset>\n<div class=\"form-divider\">\n<\/div>\n<h3>1. Registr\u00e1cia psa \/ Registration of the dog\n<\/h3>\n<p>Na s\u00fa\u0165a\u017e je mo\u017en\u00e9 prihl\u00e1si\u0165 psa, ktor\u00fd u\u017e m\u00e1 u n\u00e1s zalo\u017een\u00fd profil. Ak u\u017e profil m\u00e1te, pokra\u010dujte na bod 2. Ak nie, <a href=\"\/registracia-psa\">zaregistrujte psa<\/a>.\n<\/p>\n<p>It is possible to register a dog for the competition that already has a profile with us. If you already have a profile, continue to point 2. If not, <a href=\"\/en\/registration-of-the-dog\">register the dog<\/a>.\n<\/p>\n<div class=\"form-divider\">\n<\/div>\n<h3>2. \u00dadaje o psovi \/ Information about the dog\n<\/h3>\n<div class=\"form-narrow\">\n\t<p><label>\u010c\u00edslo mikro\u010dipu \/ Microchip No.<br \/>\n<span class=\"wpcf7-form-control-wrap\" data-name=\"dog-micro-chip\"><input size=\"40\" maxlength=\"400\" class=\"wpcf7-form-control wpcf7-text wpcf7-validates-as-required\" aria-required=\"true\" aria-invalid=\"false\" value=\"\" type=\"text\" name=\"dog-micro-chip\" \/><\/span><\/label>\n\t<\/p>\n<\/div>\n<div class=\"form-divider\">\n<\/div>\n<h3>3. Registr\u00e1cia na s\u00fa\u0165a\u017e \/ Registration for the competition\n<\/h3>\n<p><label><span class=\"wpcf7-form-control-wrap\" data-name=\"event\"><select class=\"wpcf7-form-control wpcf7-select wpcf7-validates-as-required\" aria-required=\"true\" aria-invalid=\"false\" name=\"event\"><option value=\"\">&#8212;Zvo\u013ete pros\u00edm mo\u017enos\u0165&#8212;<\/option><\/select><\/span><\/label>\n<\/p>\n<input class=\"wpcf7-form-control wpcf7-hidden\" value=\"\" type=\"hidden\" name=\"registration-id\" \/>\n<p><input class=\"wpcf7-form-control wpcf7-submit has-spinner\" type=\"submit\" value=\"Zaregistrova\u0165 \/ Register\" \/>\n<\/p><div class=\"wpcf7-response-output\" aria-hidden=\"true\"><\/div>\n<\/form>\n<\/div>\n<\/div>\n\t\t\t\t\t\t<\/div>\n\t\t\t\t<\/div>\n\t\t\t\t\t<\/div>\n\t\t<\/div>\n\t\t\t\t\t<\/div>\n\t\t<\/section>\n\t\t\t\t<\/div>\n\t\t","protected":false},"excerpt":{"rendered":"","protected":false},"author":1,"featured_media":0,"parent":0,"menu_order":0,"comment_status":"closed","ping_status":"closed","template":"","meta":{"_acf_changed":false,"footnotes":""},"class_list":["post-1824","page","type-page","status-publish","hentry"],"acf":[],"_links":{"self":[{"href":"https:\/\/www.eurobullyshowdown.com\/en\/wp-json\/wp\/v2\/pages\/1824","targetHints":{"allow":["GET"]}}],"collection":[{"href":"https:\/\/www.eurobullyshowdown.com\/en\/wp-json\/wp\/v2\/pages"}],"about":[{"href":"https:\/\/www.eurobullyshowdown.com\/en\/wp-json\/wp\/v2\/types\/page"}],"author":[{"embeddable":true,"href":"https:\/\/www.eurobullyshowdown.com\/en\/wp-json\/wp\/v2\/users\/1"}],"replies":[{"embeddable":true,"href":"https:\/\/www.eurobullyshowdown.com\/en\/wp-json\/wp\/v2\/comments?post=1824"}],"version-history":[{"count":4,"href":"https:\/\/www.eurobullyshowdown.com\/en\/wp-json\/wp\/v2\/pages\/1824\/revisions"}],"predecessor-version":[{"id":1829,"href":"https:\/\/www.eurobullyshowdown.com\/en\/wp-json\/wp\/v2\/pages\/1824\/revisions\/1829"}],"wp:attachment":[{"href":"https:\/\/www.eurobullyshowdown.com\/en\/wp-json\/wp\/v2\/media?parent=1824"}],"curies":[{"name":"wp","href":"https:\/\/api.w.org\/{rel}","templated":true}]}}